{"id":156,"date":"2017-04-19T10:01:36","date_gmt":"2017-04-19T08:01:36","guid":{"rendered":"http:\/\/kaiserservice.de\/?page_id=156"},"modified":"2020-03-24T07:44:51","modified_gmt":"2020-03-24T06:44:51","slug":"datenschutz","status":"publish","type":"page","link":"https:\/\/kaiserservice.de\/es\/datenschutz\/","title":{"rendered":"Datenschutz"},"content":{"rendered":"<div class=\"wpb-content-wrapper\">[vc_row fullwidth=\u00bbtrue\u00bb css=\u00bb.vc_custom_1492525313296{background-image: url(http:\/\/kaiserservice.de\/wp-content\/uploads\/2017\/04\/topimagebg.jpg?id=9) !important;background-position: center !important;background-repeat: no-repeat !important;background-size: cover !important;}\u00bb][vc_column][vc_empty_space height=\u00bb140px\u00bb][vc_column_text]\n<h1 style=\"text-align: center;\"><span style=\"color: #ffffff;\">POL\u00cdTICA DE PRIVACIDAD<\/span><\/h1>\n[\/vc_column_text][vc_empty_space height=\u00bb15px\u00bb][vc_column_text]\n<h5 style=\"text-align: center;\"><strong><span style=\"color: #ffffff;\">A partir de 2017<\/span><\/strong><\/h5>\n[\/vc_column_text][vc_empty_space height=\u00bb80px\u00bb][\/vc_column][\/vc_row][vc_row][vc_column][vc_empty_space height=\u00bb35px\u00bb][\/vc_column][\/vc_row][vc_row][vc_column][vc_column_text]<strong>alcance<\/strong><br \/>\nEsta declaraci\u00f3n de privacidad explica los usuarios acerca de la naturaleza, alcance y finalidad de la recogida y utilizaci\u00f3n de datos personales por la parte responsable ver los contactos de este sitio web ( \u00abla Oferta\u00bb).<\/p>\n<p><strong>Acceder a los archivos de registro de datos \/ servidor<\/strong><br \/>\nEl proveedor (o su proveedor de espacio web) recopila datos sobre cada acceso a la oferta (los denominados archivos de registro del servidor). Los datos de acceso incluyen:<\/p>\n<p>Nombre de la p\u00e1gina solicitada Web, archivo, la fecha y hora de acceso, la cantidad de datos transferidos, la notificaci\u00f3n de la recuperaci\u00f3n exitosa, tipo de navegador, junto con la versi\u00f3n, el sistema operativo del usuario, URL de referencia (visitado), la direcci\u00f3n IP y el proveedor solicitante.<\/p>\n<p>El proveedor utiliza los datos de registro solo para las evaluaciones estad\u00edsticas con el prop\u00f3sito de operaci\u00f3n, seguridad y optimizaci\u00f3n de la oferta. Sin embargo, el proveedor se reserva el derecho de revisar retrospectivamente los datos de registro si, sobre la base de pruebas concretas, existe la sospecha leg\u00edtima de uso il\u00edcito.<\/p>\n<p><strong>Manejo de datos personales<\/strong><br \/>\nLa informaci\u00f3n personal es informaci\u00f3n que ayuda a una persona a identificar, es decir, informaci\u00f3n que puede rastrearse a una persona. Estos incluyen el nombre, la direcci\u00f3n de correo electr\u00f3nico o el n\u00famero de tel\u00e9fono. Pero tambi\u00e9n los datos sobre preferencias, pasatiempos, membres\u00edas o qu\u00e9 sitios web fueron vistos por alguien son parte de los datos personales.<\/p>\n<p>El proveedor solo recopila, usa y transfiere los datos personales, si la ley lo permite o si los usuarios autorizan la recopilaci\u00f3n de datos.<\/p>\n<p><strong>poner en contacto<\/strong><br \/>\nAl comunicarse con el vendedor (por ejemplo, a trav\u00e9s del formulario de contacto o e-mail) la informaci\u00f3n del usuario son para el fin de procesar la solicitud y en el caso de que las preguntas de seguimiento surgen almacenan.<\/p>\n<p><strong>Comentarios y publicaciones<\/strong><br \/>\nCuando los usuarios dejan comentarios en el blog u otras publicaciones, se guardan sus direcciones IP. Esto se hace por la seguridad del proveedor, si alguien ilegal en los comentarios y mensajes de contenido escrito (insultos, prohibi\u00f3 la propaganda pol\u00edtica, etc.). En este caso, el vendedor puede ser considerado responsable incluso para el comentario o posterior y por lo tanto interesado en la identidad del autor.<\/p>\n<p><strong>hoja informativa<\/strong><br \/>\nCon el bolet\u00edn le informamos sobre nosotros y nuestras ofertas.<\/p>\n<p>Si desea recibir el bolet\u00edn, se requiere una direcci\u00f3n v\u00e1lida de correo electr\u00f3nico y la informaci\u00f3n que nos permiten comprobar que usted es el propietario de la direcci\u00f3n de correo electr\u00f3nico o que el propietario se compromete a recibir el bolet\u00edn. No se recopilan m\u00e1s datos. Estos datos solo se usan para enviar el bolet\u00edn y no se entregar\u00e1n a terceros.<\/p>\n<p>Al registrarse para el bolet\u00edn informativo, guardamos su direcci\u00f3n IP y la fecha de registro. Este almacenamiento es \u00fanicamente para la detecci\u00f3n en el caso de que un tercero abusa de una direcci\u00f3n de correo electr\u00f3nico y registra en sin el conocimiento de la persona con derecho a recibir el bolet\u00edn.<\/p>\n<p>Su consentimiento para almacenar los datos, la direcci\u00f3n de correo electr\u00f3nico y su uso para enviar el bolet\u00edn de noticias puede ser revocado en cualquier momento. La revocaci\u00f3n puede hacerse a trav\u00e9s de un enlace en los propios boletines de noticias, en su \u00e1rea de perfil o mediante notificaci\u00f3n a los datos de contacto de arriba.<\/p>\n<p><strong>Integraci\u00f3n de servicios y contenidos de terceros<\/strong><br \/>\nPuede suceder que el contenido de terceros, como los videos de YouTube, los mapas de Google Maps, los canales RSS o los gr\u00e1ficos de otros sitios web, se incluyan en esta oferta en l\u00ednea. Esto siempre presupone que los proveedores de este contenido (en lo sucesivo, \u00abproveedor externo\u00bb) perciben la direcci\u00f3n IP de los usuarios. Porque sin la direcci\u00f3n IP, no pod\u00edan enviar el contenido al navegador de cada usuario. Por lo tanto, se requiere la direcci\u00f3n IP para la presentaci\u00f3n de este contenido. Nos esforzamos por utilizar solo contenido cuyos proveedores respectivos utilicen la direcci\u00f3n IP \u00fanicamente para la entrega del contenido. Sin embargo, no tenemos ninguna influencia sobre esto si los terceros proporcionan la direcci\u00f3n IP, p. guardar para fines estad\u00edsticos. Por lo que sabemos, informaremos a los usuarios al respecto.<\/p>\n<p><strong>galletas<\/strong><br \/>\nLas cookies son peque\u00f1os archivos que permiten almacenar informaci\u00f3n espec\u00edfica relacionada con el dispositivo en los dispositivos de acceso de los usuarios (PC, tel\u00e9fonos inteligentes, etc.). Sirven para la facilidad de uso de las p\u00e1ginas web y, por lo tanto, de los usuarios (por ejemplo, el almacenamiento de datos de inicio de sesi\u00f3n). Por otro lado, sirven para registrar los datos estad\u00edsticos del uso del sitio web y para poder analizarlo con el fin de mejorar la oferta. Los usuarios pueden influir en el uso de cookies. La mayor\u00eda de los navegadores tienen la opci\u00f3n de restringir o evitar completamente el almacenamiento de cookies. Sin embargo, se se\u00f1ala que el uso y especialmente la comodidad de uso est\u00e1n limitados sin cookies.<\/p>\n<p>Puede encontrar muchas cookies publicitarias corporativas en l\u00ednea en el lado estadounidense http:\/\/www.aboutads.info\/choices\/ o en la p\u00e1gina EU http:\/\/www.youronlinechoices.com\/uk\/your-ad-choices\/ administrar.<\/p>\n<p><strong>Google Analytics<\/strong><br \/>\nEsta oferta utiliza Google Analytics, un servicio de an\u00e1lisis web proporcionado por Google Inc. (\u00abGoogle\u00bb). Google Analytics utiliza las llamadas \u00abcookies\u00bb, archivos de texto que se almacenan en las computadoras de los usuarios y que permiten un an\u00e1lisis del uso del sitio web por parte de ellos. La informaci\u00f3n generada por la cookie sobre el uso de este sitio web por parte de los usuarios generalmente se transmite a un servidor de Google en EE. UU. Y se almacena all\u00ed.<\/p>\n<p>Sin embargo, si se activa la anonimizaci\u00f3n de IP en este sitio web, la direcci\u00f3n IP de Google se acortar\u00e1 previamente en los estados miembros de la Uni\u00f3n Europea u otras partes del Acuerdo sobre el Espacio Econ\u00f3mico Europeo. Solo en casos excepcionales, la direcci\u00f3n IP completa se enviar\u00e1 a un servidor de Google en EE. UU. Y se acortar\u00e1 all\u00ed. La anonimizaci\u00f3n de IP est\u00e1 activa en este sitio web. En nombre del operador de este sitio web, Google utilizar\u00e1 esta informaci\u00f3n para evaluar el uso del sitio por parte de los usuarios, recopilar informes sobre la actividad del sitio web y proporcionar otros servicios relacionados con la actividad del sitio web y el uso de Internet al operador del sitio web.<\/p>\n<p>La direcci\u00f3n IP proporcionada por Google Analytics como parte de Google Analytics no se fusionar\u00e1 con otros datos de Google. Los usuarios pueden evitar el almacenamiento de cookies configurando el software de su navegador en consecuencia; Sin embargo, esta oferta notifica a los usuarios que es posible que no pueda usar todas las funciones de este sitio web en su totalidad. Adem\u00e1s, los usuarios pueden evitar la recopilaci\u00f3n por parte de Google de los datos generados por la cookie y relacionados con su uso del sitio web (incluida su direcci\u00f3n IP) y el procesamiento de estos datos por parte de Google utilizando el complemento del navegador disponible en el siguiente enlace Descargue e instale: http: \/\/tools.google.com\/dlpage\/gaoptout? Hl = DE.<\/p>\n<p>Como alternativa al complemento del navegador o dentro de los navegadores en dispositivos m\u00f3viles, haga clic en este enlace para evitar que Google Analytics ingrese a este sitio web en el futuro. Una cookie de exclusi\u00f3n voluntaria se almacena en su dispositivo. Si elimina sus cookies, debe hacer clic en este enlace nuevamente.<\/p>\n<p><strong>Uso de los complementos sociales de Facebook<\/strong><br \/>\nEsta oferta usa complementos sociales (\u00abcomplementos\u00bb) de la red social facebook.com, que opera Facebook Inc., 1601 S. California Ave, Palo Alto, CA 94304, EE. UU. (\u00abFacebook\u00bb). Los complementos son reconocibles por uno de los logotipos de Facebook (\u00abf\u00bb blanca en un azulejo azul o un signo de \u00abaprobaci\u00f3n\u00bb) o est\u00e1n marcados con la adici\u00f3n de \u00abFacebook Social Plugin\u00bb. La lista y apariencia de los complementos sociales de Facebook se puede ver aqu\u00ed: https:\/\/developers.facebook.com\/docs\/plugins\/.<\/p>\n<p>Cuando un usuario llama a una p\u00e1gina web de esta oferta que contiene dicho complemento, su navegador establece una conexi\u00f3n directa a los servidores de Facebook. El contenido del complemento es transmitido por Facebook directamente a su navegador e incorporado por \u00e9l en el sitio web. Por lo tanto, el proveedor no tiene influencia en la cantidad de datos que Facebook recopila con la ayuda de este complemento y, por lo tanto, informa a los usuarios de acuerdo con su nivel de conocimiento:<\/p>\n<p>Al integrar los complementos, Facebook recibe la informaci\u00f3n de que un usuario ha accedido a la p\u00e1gina correspondiente de la oferta. Si el usuario ha iniciado sesi\u00f3n en Facebook, Facebook puede asignarle la visita a su cuenta de Facebook. Si los usuarios interact\u00faan con los complementos, por ejemplo, presionan el bot\u00f3n Me gusta o dejan un comentario, la informaci\u00f3n correspondiente se transmite desde su navegador directamente a Facebook y se almacena all\u00ed. Si un usuario no es miembro de Facebook, a\u00fan existe la posibilidad de que Facebook descubra y guarde su direcci\u00f3n IP. Seg\u00fan Facebook, solo se almacena una direcci\u00f3n IP an\u00f3nima en Alemania.<\/p>\n<p>El prop\u00f3sito y el alcance de la recopilaci\u00f3n de datos y el posterior procesamiento y uso de los datos por Facebook, as\u00ed como los derechos relacionados y las opciones de configuraci\u00f3n para proteger la privacidad de los usuarios, se pueden encontrar en la pol\u00edtica de privacidad de Facebook: https: \/\/www.facebook.com\/about\/privacy\/ ,<\/p>\n<p>Si un usuario es miembro de Facebook y no quiere que Facebook recopile datos sobre \u00e9l a trav\u00e9s de esta oferta y lo asocie con los datos de sus miembros almacenados en Facebook, debe desconectarse de Facebook antes de visitar el sitio web.<\/p>\n<p>Tambi\u00e9n es posible bloquear los complementos sociales de Facebook con complementos para su navegador, por ejemplo con el \u00abFacebook Blocker\u00bb.<\/p>\n<p><strong>Revocaci\u00f3n, cambios, correcciones y actualizaciones<\/strong><br \/>\nEl usuario tiene derecho, previa solicitud, a recibir informaci\u00f3n gratuita sobre los datos personales almacenados sobre \u00e9l. Adem\u00e1s, el usuario tiene derecho a la correcci\u00f3n de datos incorrectos, bloqueo y eliminaci\u00f3n de sus datos personales, en la medida en que no sea legal el deber de almacenamiento contrario[\/vc_column_text][\/vc_column][\/vc_row][vc_row][vc_column][vc_empty_space height=\u00bb30px\u00bb][\/vc_column][\/vc_row][vc_row][vc_column][vc_empty_space height=\u00bb15px\u00bb][\/vc_column][\/vc_row][vc_row fullwidth=\u00bbtrue\u00bb fullwidth_content=\u00bbfalse\u00bb css=\u00bb.vc_custom_1492579339607{background-image: url(http:\/\/kaiserservice.de\/wp-content\/uploads\/2017\/04\/support.jpg?id=83) !important;background-position: center !important;background-repeat: no-repeat !important;background-size: cover !important;}\u00bb][vc_column][vc_row_inner][vc_column_inner width=\u00bb1\/3&#8243;][vc_empty_space height=\u00bb65px\u00bb][vc_column_text]\n<h2 style=\"text-align: center;\"><span style=\"color: #ffffff;\">LL\u00c1MENOS:<br \/>\n<\/span><\/h2>\n[\/vc_column_text][vc_empty_space height=\u00bb50px\u00bb][\/vc_column_inner][vc_column_inner width=\u00bb1\/3&#8243;][vc_empty_space height=\u00bb50px\u00bb][vc_btn title=\u00bb+49 (0) 8033 302 31 46&#8243; style=\u00bbflat\u00bb shape=\u00bbround\u00bb color=\u00bbwhite\u00bb size=\u00bblg\u00bb align=\u00bbcenter\u00bb button_block=\u00bbtrue\u00bb link=\u00bburl:tel%3A%2B4980333023146|||\u00bb][\/vc_column_inner][vc_column_inner width=\u00bb1\/3&#8243;][\/vc_column_inner][\/vc_row_inner][\/vc_column][\/vc_row]\n<\/div>","protected":false},"excerpt":{"rendered":"<p>[vc_row fullwidth=\u00bbtrue\u00bb css=\u00bb.vc_custom_1492525313296{background-image: url(http:\/\/kaiserservice.de\/wp-content\/uploads\/2017\/04\/topimagebg.jpg?id=9) !important;background-position: center !important;background-repeat: no-repeat !important;background-size: cover !important;}\u00bb][vc_column][vc_empty_space height=\u00bb140px\u00bb][vc_column_text] POL\u00cdTICA DE PRIVACIDAD [\/vc_column_text][vc_empty_space height=\u00bb15px\u00bb][vc_column_text] A partir de 2017 [\/vc_column_text][vc_empty_space height=\u00bb80px\u00bb][\/vc_column][\/vc_row][vc_row][vc_column][vc_empty_space height=\u00bb35px\u00bb][\/vc_column][\/vc_row][vc_row][vc_column][vc_column_text]alcance Esta declaraci\u00f3n de privacidad explica los usuarios acerca de la naturaleza, alcance y finalidad de la recogida y utilizaci\u00f3n de datos personales por la parte responsable ver los contactos de este [&hellip;]<\/p>\n","protected":false},"author":1,"featured_media":0,"parent":0,"menu_order":0,"comment_status":"closed","ping_status":"closed","template":"","meta":{"footnotes":""},"class_list":["post-156","page","type-page","status-publish","hentry"],"_links":{"self":[{"href":"https:\/\/kaiserservice.de\/es\/wp-json\/wp\/v2\/pages\/156","targetHints":{"allow":["GET"]}}],"collection":[{"href":"https:\/\/kaiserservice.de\/es\/wp-json\/wp\/v2\/pages"}],"about":[{"href":"https:\/\/kaiserservice.de\/es\/wp-json\/wp\/v2\/types\/page"}],"author":[{"embeddable":true,"href":"https:\/\/kaiserservice.de\/es\/wp-json\/wp\/v2\/users\/1"}],"replies":[{"embeddable":true,"href":"https:\/\/kaiserservice.de\/es\/wp-json\/wp\/v2\/comments?post=156"}],"version-history":[{"count":9,"href":"https:\/\/kaiserservice.de\/es\/wp-json\/wp\/v2\/pages\/156\/revisions"}],"predecessor-version":[{"id":384,"href":"https:\/\/kaiserservice.de\/es\/wp-json\/wp\/v2\/pages\/156\/revisions\/384"}],"wp:attachment":[{"href":"https:\/\/kaiserservice.de\/es\/wp-json\/wp\/v2\/media?parent=156"}],"curies":[{"name":"wp","href":"https:\/\/api.w.org\/{rel}","templated":true}]}}