{"id":6,"date":"2017-04-18T16:07:01","date_gmt":"2017-04-18T14:07:01","guid":{"rendered":"http:\/\/kaiserservice.de\/?page_id=6"},"modified":"2026-01-16T12:01:41","modified_gmt":"2026-01-16T11:01:41","slug":"startseite","status":"publish","type":"page","link":"https:\/\/kaiserservice.de\/es\/","title":{"rendered":"Startseite"},"content":{"rendered":"<div class=\"wpb-content-wrapper\">[vc_row fullwidth=\u00bbtrue\u00bb css=\u00bb.vc_custom_1492525313296{background-image: url(http:\/\/kaiserservice.de\/wp-content\/uploads\/2017\/04\/topimagebg.jpg?id=9) !important;background-position: center !important;background-repeat: no-repeat !important;background-size: cover !important;}\u00bb][vc_column][vc_empty_space height=\u00bb140px\u00bb][vc_column_text]\n<h2 style=\"text-align: center;\"><span style=\"color: #ffffff;\">SERVICIO T\u00c9CNICO DE<br \/>\nMAQUINARIA DE EMBALAJE, PALETIZADO Y TRANSPORTE<\/span><\/h2>\n[\/vc_column_text][vc_empty_space height=\u00bb15px\u00bb][vc_separator color=\u00bbwhite\u00bb border_width=\u00bb3&#8243; el_width=\u00bb40&#8243;][vc_column_text]\n<h2 style=\"text-align: center;\"><strong><span style=\"color: #ffffff;\">MONTAJE, MANTENIMIENTO Y REMODELACIONES PARA LA<br \/>\nINDUSTRIA DE ALIMENTOS Y BEBIDAS<br \/>\n<\/span><\/strong><\/h2>\n[\/vc_column_text][vc_empty_space height=\u00bb30px\u00bb][vc_btn title=\u00bbContacte con nosotros directamente\u00bb style=\u00bbflat\u00bb shape=\u00bbround\u00bb color=\u00bbblue\u00bb size=\u00bblg\u00bb align=\u00bbcenter\u00bb css_animation=\u00bbfadeInUp\u00bb link=\u00bburl:http%3A%2F%2Fkaiserservice.de%2Fkontakt%2F|||\u00bb][vc_empty_space height=\u00bb80px\u00bb][\/vc_column][\/vc_row][vc_row fullwidth=\u00bbtrue\u00bb fullwidth_content=\u00bbfalse\u00bb css=\u00bb.vc_custom_1492578875365{background-color: #1f50ae !important;background-position: center !important;background-repeat: no-repeat !important;background-size: cover !important;}\u00bb][vc_column][vc_empty_space height=\u00bb30px\u00bb][vc_column_text]\n<h2 style=\"text-align: center;\"><span style=\"color: #ffffff;\">ELIJA UNA DE NUESTRAS \u00c1REAS PRINCIPALES<\/span><\/h2>\n[\/vc_column_text][vc_empty_space height=\u00bb10px\u00bb][vc_row_inner el_class=\u00bbbuttonrow\u00bb][vc_column_inner width=\u00bb1\/3&#8243;][vc_btn title=\u00bbServicio t\u00e9cnico\u00bb style=\u00bboutline\u00bb shape=\u00bbround\u00bb color=\u00bbwhite\u00bb size=\u00bblg\u00bb align=\u00bbcenter\u00bb button_block=\u00bbtrue\u00bb add_icon=\u00bbtrue\u00bb link=\u00bburl:http%3A%2F%2Fkaiserservice.de%2Fleistungen%2F%23wartung|||\u00bb][\/vc_column_inner][vc_column_inner width=\u00bb1\/3&#8243;][vc_btn title=\u00bbMantenimiento y tec\u00bb style=\u00bboutline\u00bb shape=\u00bbround\u00bb color=\u00bbwhite\u00bb size=\u00bblg\u00bb align=\u00bbcenter\u00bb i_icon_fontawesome=\u00bbfa fa-gitlab\u00bb button_block=\u00bbtrue\u00bb add_icon=\u00bbtrue\u00bb link=\u00bburl:http%3A%2F%2Fkaiserservice.de%2Fleistungen%2F%23maschine|||\u00bb][\/vc_column_inner][vc_column_inner width=\u00bb1\/3&#8243;][vc_btn title=\u00bbPlanificaci\u00f3n\u00bb style=\u00bboutline\u00bb shape=\u00bbround\u00bb color=\u00bbwhite\u00bb size=\u00bblg\u00bb align=\u00bbcenter\u00bb i_icon_fontawesome=\u00bbfa fa-pied-piper\u00bb button_block=\u00bbtrue\u00bb add_icon=\u00bbtrue\u00bb link=\u00bburl:http%3A%2F%2Fkaiserservice.de%2Fleistungen%2F%23technik|||\u00bb][\/vc_column_inner][\/vc_row_inner][vc_empty_space height=\u00bb20px\u00bb][\/vc_column][\/vc_row][vc_row fullwidth=\u00bbtrue\u00bb fullwidth_content=\u00bbfalse\u00bb equal_columns=\u00bbtrue\u00bb css=\u00bb.vc_custom_1492581346613{background-color: #f7f7f7 !important;}\u00bb el_class=\u00bbdings\u00bb][vc_column width=\u00bb1\/2&#8243; css=\u00bb.vc_custom_1492526430537{background-color: #f7f7f7 !important;background-position: center !important;background-repeat: no-repeat !important;background-size: cover !important;}\u00bb][vc_row_inner attached=\u00bbtrue\u00bb is_fullwidth_content=\u00bbfalse\u00bb css=\u00bb.vc_custom_1492578909335{border-bottom-width: 40px !important;padding-top: 35px !important;padding-right: 30px !important;padding-left: 0px !important;}\u00bb el_class=\u00bbtext\u00bb][vc_column_inner][vc_column_text]\n<h2>SU ESPECIALISTA PARA NECESIDADES<\/h2>\n[\/vc_column_text][vc_column_text]\n<h5>Le ofrecemos un servicio comprehensivo<\/h5>\n[\/vc_column_text][vc_column_text el_class=\u00bbstrick\u00bb]<img loading=\"lazy\" decoding=\"async\" class=\"alignnone size-full wp-image-67\" src=\"http:\/\/kaiserservice.de\/wp-content\/uploads\/2017\/04\/strick.jpg\" alt=\"\" width=\"6\" height=\"49\" \/>[\/vc_column_text][vc_empty_space height=\u00bb10px\u00bb][vc_column_text]\n<div class=\"page\" title=\"Page 1\">\n<div class=\"layoutArea\">\n<div class=\"column\">\n<div class=\"page\" title=\"Page 1\">\n<div class=\"layoutArea\">\n<div class=\"column\">\n<p><strong>KAISER <\/strong>Service es un socio fiable de las empresas de la industria de alimentos y bebidas desde hace casi 20 a\u00f1os.\u00a0Limitada en un principio solamente al servicio t\u00e9cnico de m\u00e1quinas, la empresa ha ido ampliando su campo de actividades continuamente, el cual ahora comprende las siguientes especialidades:<\/p>\n<p><strong>Servicio t\u00e9cnico de maquinaria de las industrias de bebidas, alimentaria, quesera, mantenimiento y tecnolog\u00eda y<\/strong> <strong>planificaci\u00f3n<\/strong><\/p>\n<p>El crecimiento y la evoluci\u00f3n continua de la empresa es el resultado de la confianza depositada por sus numerosos y leales clientes y de la tremenda dedicaci\u00f3n de todo el equipo de <strong>KAISER <\/strong>Service.<\/p>\n<\/div>\n<\/div>\n<\/div>\n<\/div>\n<\/div>\n<\/div>\n[\/vc_column_text][vc_empty_space height=\u00bb10px\u00bb][vc_btn title=\u00bbContacte con nosotros directamente\u00bb style=\u00bbflat\u00bb shape=\u00bbround\u00bb color=\u00bbblue\u00bb size=\u00bblg\u00bb align=\u00bbcenter\u00bb css_animation=\u00bbfadeInUp\u00bb link=\u00bburl:http%3A%2F%2Fkaiserservice.de%2Fkontakt%2F|||\u00bb][vc_empty_space height=\u00bb12px\u00bb][\/vc_column_inner][\/vc_row_inner][\/vc_column][vc_column width=\u00bb1\/2&#8243; el_class=\u00bbdingse\u00bb][vc_row_inner attached=\u00bbtrue\u00bb el_class=\u00bbheightauto\u00bb][vc_column_inner][vc_single_image image=\u00bb248&#8243; img_size=\u00bbfull\u00bb alignment=\u00bbcenter\u00bb css=\u00bb.vc_custom_1495183999797{margin-bottom: 0px !important;}\u00bb][\/vc_column_inner][\/vc_row_inner][\/vc_column][\/vc_row][vc_row][vc_column][vc_empty_space height=\u00bb35px\u00bb][\/vc_column][\/vc_row][vc_row][vc_column][vc_column_text el_class=\u00bbueberschrift\u00bb]\n<h2 style=\"text-align: center;\">NUESTRAS VENTAJAS<\/h2>\n[\/vc_column_text][vc_column_text]\n<h5 style=\"text-align: center;\">Trabajamos de un modo r\u00e1pido y preciso para obtener un \u00f3ptimo resultado<\/h5>\n[\/vc_column_text][\/vc_column][\/vc_row][vc_row][vc_column][vc_empty_space height=\u00bb30px\u00bb][\/vc_column][\/vc_row][vc_row][vc_column width=\u00bb1\/2&#8243;][vc_row_inner][vc_column_inner width=\u00bb1\/4&#8243;][vc_empty_space height=\u00bb5px\u00bb][vc_single_image image=\u00bb75&#8243; img_size=\u00bbfull\u00bb alignment=\u00bbcenter\u00bb css_animation=\u00bbfadeInLeft\u00bb][\/vc_column_inner][vc_column_inner width=\u00bb3\/4&#8243;][vc_column_text]<strong>R\u00c1PIDA REALIZACI\u00d3N<br \/>\n<\/strong>Las v\u00edas de proceso m\u00e1s cortas y un magn\u00edfico equipo de profesionales hacen posible y garantizan la realizaci\u00f3n puntual y precisa de todos los proyectos[\/vc_column_text][\/vc_column_inner][\/vc_row_inner][vc_row_inner][vc_column_inner width=\u00bb1\/4&#8243;][vc_empty_space height=\u00bb5px\u00bb][vc_single_image image=\u00bb75&#8243; img_size=\u00bbfull\u00bb alignment=\u00bbcenter\u00bb css_animation=\u00bbfadeInLeft\u00bb][\/vc_column_inner][vc_column_inner width=\u00bb3\/4&#8243;][vc_column_text]<strong>DECADAS DE EXPERIENCIA<br \/>\n<\/strong>Nuestros trabajadores y colaboradores cuentan con una experiencia de d\u00e9cadas en la industria del embalaje y en el sector de alimentos y bebidas[\/vc_column_text][\/vc_column_inner][\/vc_row_inner][\/vc_column][vc_column width=\u00bb1\/2&#8243;][vc_row_inner][vc_column_inner width=\u00bb1\/4&#8243;][vc_empty_space height=\u00bb5px\u00bb][vc_single_image image=\u00bb75&#8243; img_size=\u00bbfull\u00bb alignment=\u00bbcenter\u00bb css_animation=\u00bbfadeInLeft\u00bb][\/vc_column_inner][vc_column_inner width=\u00bb3\/4&#8243;][vc_column_text]<strong>ALTA FLEXIBILIDAD<br \/>\n<\/strong>Un equipo compuesto por numerosos t\u00e9cnicos y especialistas nos permite reaccionar del mejor modo posible ante cualquier eventualidad[\/vc_column_text][\/vc_column_inner][\/vc_row_inner][vc_row_inner][vc_column_inner width=\u00bb1\/4&#8243;][vc_empty_space height=\u00bb5px\u00bb][vc_single_image image=\u00bb75&#8243; img_size=\u00bbfull\u00bb alignment=\u00bbcenter\u00bb css_animation=\u00bbfadeInLeft\u00bb][\/vc_column_inner][vc_column_inner width=\u00bb3\/4&#8243;][vc_column_text]<strong>CONTACTO DIRECTO<br \/>\n<\/strong>Nuestras personas de contacto le proporcionar\u00e1n consejos y ayuda global durante la venta, la planificaci\u00f3n y el servicio t\u00e9cnico[\/vc_column_text][\/vc_column_inner][\/vc_row_inner][\/vc_column][\/vc_row][vc_row][vc_column][vc_empty_space height=\u00bb15px\u00bb][\/vc_column][\/vc_row][vc_row fullwidth=\u00bbtrue\u00bb fullwidth_content=\u00bbfalse\u00bb css=\u00bb.vc_custom_1492579339607{background-image: url(http:\/\/kaiserservice.de\/wp-content\/uploads\/2017\/04\/support.jpg?id=83) !important;background-position: center !important;background-repeat: no-repeat !important;background-size: cover !important;}\u00bb][vc_column][vc_row_inner][vc_column_inner width=\u00bb1\/3&#8243;][vc_empty_space height=\u00bb65px\u00bb][vc_column_text]\n<h2 style=\"text-align: center;\"><span style=\"color: #ffffff;\">LL\u00c1MENOS:\u00a0<\/span><\/h2>\n[\/vc_column_text][vc_empty_space height=\u00bb50px\u00bb][\/vc_column_inner][vc_column_inner width=\u00bb1\/3&#8243;][vc_empty_space height=\u00bb50px\u00bb][vc_btn title=\u00bb+49 (0) 8033 302 31 46&#8243; style=\u00bbflat\u00bb shape=\u00bbround\u00bb color=\u00bbwhite\u00bb size=\u00bblg\u00bb align=\u00bbcenter\u00bb css_animation=\u00bbfadeInUp\u00bb button_block=\u00bbtrue\u00bb link=\u00bburl:tel%3A%2B4980333023146|||\u00bb][\/vc_column_inner][vc_column_inner width=\u00bb1\/3&#8243;][\/vc_column_inner][\/vc_row_inner][\/vc_column][\/vc_row]\n<\/div>","protected":false},"excerpt":{"rendered":"<p>[vc_row fullwidth=\u00bbtrue\u00bb css=\u00bb.vc_custom_1492525313296{background-image: url(http:\/\/kaiserservice.de\/wp-content\/uploads\/2017\/04\/topimagebg.jpg?id=9) !important;background-position: center !important;background-repeat: no-repeat !important;background-size: cover !important;}\u00bb][vc_column][vc_empty_space height=\u00bb140px\u00bb][vc_column_text] SERVICIO T\u00c9CNICO DE MAQUINARIA DE EMBALAJE, PALETIZADO Y TRANSPORTE [\/vc_column_text][vc_empty_space height=\u00bb15px\u00bb][vc_separator color=\u00bbwhite\u00bb border_width=\u00bb3&#8243; el_width=\u00bb40&#8243;][vc_column_text] MONTAJE, MANTENIMIENTO Y REMODELACIONES PARA LA INDUSTRIA DE ALIMENTOS Y BEBIDAS [\/vc_column_text][vc_empty_space height=\u00bb30px\u00bb][vc_btn title=\u00bbContacte con nosotros directamente\u00bb style=\u00bbflat\u00bb shape=\u00bbround\u00bb color=\u00bbblue\u00bb size=\u00bblg\u00bb align=\u00bbcenter\u00bb css_animation=\u00bbfadeInUp\u00bb link=\u00bburl:http%3A%2F%2Fkaiserservice.de%2Fkontakt%2F|||\u00bb][vc_empty_space height=\u00bb80px\u00bb][\/vc_column][\/vc_row][vc_row fullwidth=\u00bbtrue\u00bb fullwidth_content=\u00bbfalse\u00bb css=\u00bb.vc_custom_1492578875365{background-color: #1f50ae [&hellip;]<\/p>\n","protected":false},"author":1,"featured_media":0,"parent":0,"menu_order":0,"comment_status":"closed","ping_status":"closed","template":"","meta":{"footnotes":""},"class_list":["post-6","page","type-page","status-publish","hentry"],"_links":{"self":[{"href":"https:\/\/kaiserservice.de\/es\/wp-json\/wp\/v2\/pages\/6","targetHints":{"allow":["GET"]}}],"collection":[{"href":"https:\/\/kaiserservice.de\/es\/wp-json\/wp\/v2\/pages"}],"about":[{"href":"https:\/\/kaiserservice.de\/es\/wp-json\/wp\/v2\/types\/page"}],"author":[{"embeddable":true,"href":"https:\/\/kaiserservice.de\/es\/wp-json\/wp\/v2\/users\/1"}],"replies":[{"embeddable":true,"href":"https:\/\/kaiserservice.de\/es\/wp-json\/wp\/v2\/comments?post=6"}],"version-history":[{"count":119,"href":"https:\/\/kaiserservice.de\/es\/wp-json\/wp\/v2\/pages\/6\/revisions"}],"predecessor-version":[{"id":663,"href":"https:\/\/kaiserservice.de\/es\/wp-json\/wp\/v2\/pages\/6\/revisions\/663"}],"wp:attachment":[{"href":"https:\/\/kaiserservice.de\/es\/wp-json\/wp\/v2\/media?parent=6"}],"curies":[{"name":"wp","href":"https:\/\/api.w.org\/{rel}","templated":true}]}}